{"id":248229,"date":"2026-01-16T10:05:35","date_gmt":"2026-01-16T08:05:35","guid":{"rendered":"https:\/\/www.budream.com\/shop\/horti-pot-systeme-hydroponique-dwc\/"},"modified":"2026-01-19T14:55:32","modified_gmt":"2026-01-19T12:55:32","slug":"horti-pot-systeme-hydroponique-dwc","status":"publish","type":"product","link":"https:\/\/www.budream.com\/fr\/shop\/horti-pot-systeme-hydroponique-dwc\/","title":{"rendered":"HORTI-POT SYST\u00c8ME HYDROPONIQUE DWC"},"content":{"rendered":"<p style=\"margin-bottom: 0.0001pt\"><span style=\"font-size: 10pt;font-family: Tahoma, sans-serif\">HORTI-POT est un syst\u00e8me de culture en eau profonde. Ce syst\u00e8me permet une croissance rapide car les racines sont constamment en contact avec la solution nutritive oxyg\u00e9n\u00e9e. Il garantit des r\u00e9sultats spectaculaires, une croissance rapide et des rendements \u00e9lev\u00e9s. Il est \u00e9conomique, facile \u00e0 utiliser et peut \u00eatre utilis\u00e9 aussi bien pour la production que pour l&rsquo;entretien des plantes m\u00e8res. <\/span><\/p>\n<p>Fourni avec :<br \/>&#8211; a\u00e9rateur<br \/>&#8211; raccords<br \/>&#8211; pierre poreuse<br \/>&#8211; sac de substrat<br \/>&#8211; seau de solution volume 25 litres<\/p>\n","protected":false},"excerpt":{"rendered":"<p>HORTI-POT est un syst\u00e8me de culture en eau profonde. Ce syst\u00e8me permet une croissance rapide car les racines sont constamment<\/p>\n","protected":false},"featured_media":248219,"comment_status":"open","ping_status":"closed","template":"","meta":[],"product_brand":[],"product_cat":[7940],"product_tag":[],"class_list":{"0":"post-248229","1":"product","2":"type-product","3":"status-publish","4":"has-post-thumbnail","6":"product_cat-pots-fr","8":"first","9":"instock","10":"taxable","11":"shipping-taxable","12":"purchasable","13":"product-type-simple"},"aioseo_notices":[],"_links":{"self":[{"href":"https:\/\/www.budream.com\/fr\/wp-json\/wp\/v2\/product\/248229","targetHints":{"allow":["GET"]}}],"collection":[{"href":"https:\/\/www.budream.com\/fr\/wp-json\/wp\/v2\/product"}],"about":[{"href":"https:\/\/www.budream.com\/fr\/wp-json\/wp\/v2\/types\/product"}],"replies":[{"embeddable":true,"href":"https:\/\/www.budream.com\/fr\/wp-json\/wp\/v2\/comments?post=248229"}],"wp:featuredmedia":[{"embeddable":true,"href":"https:\/\/www.budream.com\/fr\/wp-json\/wp\/v2\/media\/248219"}],"wp:attachment":[{"href":"https:\/\/www.budream.com\/fr\/wp-json\/wp\/v2\/media?parent=248229"}],"wp:term":[{"taxonomy":"product_brand","embeddable":true,"href":"https:\/\/www.budream.com\/fr\/wp-json\/wp\/v2\/product_brand?post=248229"},{"taxonomy":"product_cat","embeddable":true,"href":"https:\/\/www.budream.com\/fr\/wp-json\/wp\/v2\/product_cat?post=248229"},{"taxonomy":"product_tag","embeddable":true,"href":"https:\/\/www.budream.com\/fr\/wp-json\/wp\/v2\/product_tag?post=248229"}],"curies":[{"name":"wp","href":"https:\/\/api.w.org\/{rel}","templated":true}]}}