{"id":248828,"date":"2026-01-21T18:06:00","date_gmt":"2026-01-21T16:06:00","guid":{"rendered":"https:\/\/www.budream.com\/shop\/humboldt-seeds-company-ed-rosenthals-super-high-life-fem-5-graines\/"},"modified":"2026-03-19T14:40:39","modified_gmt":"2026-03-19T12:40:39","slug":"humboldt-seeds-company-ed-rosenthals-super-high-life-fem-5-graines","status":"publish","type":"product","link":"https:\/\/www.budream.com\/fr\/shop\/humboldt-seeds-company-ed-rosenthals-super-high-life-fem-5-graines\/","title":{"rendered":"HUMBOLDT SEEDS COMPANY &#8211; ED ROSENTHAL&rsquo;S SUPER HIGH LIFE FEM | 5 GRAINES"},"content":{"rendered":"<div style=\"text-align: justify\">Plongez dans l&rsquo;univers g\u00e9n\u00e9tique des graines Super High Life d&rsquo;Ed Rosenthal, une merveille hybride n\u00e9e de la All Gas OG et de la Super Bud. Laissez-vous s\u00e9duire par son m\u00e9lange \u00e9quilibr\u00e9 de Sativa et d&rsquo;Indica.<\/div>\n<p><\/p>\n<h2><strong>Caract\u00e9ristiques Ed Rosenthal&rsquo;s Super High Life Fem :<\/strong><\/h2>\n<ul style=\"list-style-type: disc\">\n<li><strong>Genre :<\/strong> F\u00e9minis\u00e9e<\/li>\n<li><strong>G\u00e9notype :<\/strong> Hybride Indica\/Sativa<\/li>\n<li><strong>G\u00e9n\u00e9tique :<\/strong> All Gas OG X Super Bud<\/li>\n<li>Jours<strong>:<\/strong> 55 jours<\/li>\n<\/ul>\n<p><\/p>\n<div style=\"text-align: justify\"><span style=\"font-size: 11pt\"><em><strong>ATTENTION :<\/strong> Les graines de chanvre sont exclues de la notion l\u00e9gale de Cannabis, ce qui signifie qu&rsquo;elles ne doivent pas \u00eatre consid\u00e9r\u00e9es comme une substance stup\u00e9fiante (L. 412 de 1974, art. 1, paragraphe 1, lettre B ; Convention unique sur les stup\u00e9fiants de New York de 1961 et tableau II du d\u00e9cret minist\u00e9riel 27\/7\/1992). En Italie, la culture du chanvre est interdite (articles 28 et 73 du d\u00e9cret pr\u00e9sidentiel 309\/90), sauf autorisation sp\u00e9ciale (article 17 du d\u00e9cret pr\u00e9sidentiel 309\/90). En l&rsquo;absence d&rsquo;autorisation, les semences ne peuvent \u00eatre utilis\u00e9es qu&rsquo;\u00e0 d&rsquo;autres fins (zootechniques, de collection, etc.). Les semences sont vendues sous r\u00e9serve qu&rsquo;elles ne soient pas utilis\u00e9es par des tiers en contradiction avec la loi.<\/em><\/span><\/div>\n","protected":false},"excerpt":{"rendered":"<p>Plongez dans l&rsquo;univers g\u00e9n\u00e9tique des graines Super High Life d&rsquo;Ed Rosenthal, une merveille hybride n\u00e9e de la All Gas OG<\/p>\n","protected":false},"featured_media":184438,"comment_status":"open","ping_status":"closed","template":"","meta":[],"product_brand":[],"product_cat":[7951],"product_tag":[],"class_list":{"0":"post-248828","1":"product","2":"type-product","3":"status-publish","4":"has-post-thumbnail","6":"product_cat-magasin-de-graines","8":"first","9":"outofstock","10":"taxable","11":"shipping-taxable","12":"purchasable","13":"product-type-simple"},"aioseo_notices":[],"_links":{"self":[{"href":"https:\/\/www.budream.com\/fr\/wp-json\/wp\/v2\/product\/248828","targetHints":{"allow":["GET"]}}],"collection":[{"href":"https:\/\/www.budream.com\/fr\/wp-json\/wp\/v2\/product"}],"about":[{"href":"https:\/\/www.budream.com\/fr\/wp-json\/wp\/v2\/types\/product"}],"replies":[{"embeddable":true,"href":"https:\/\/www.budream.com\/fr\/wp-json\/wp\/v2\/comments?post=248828"}],"version-history":[{"count":0,"href":"https:\/\/www.budream.com\/fr\/wp-json\/wp\/v2\/product\/248828\/revisions"}],"wp:featuredmedia":[{"embeddable":true,"href":"https:\/\/www.budream.com\/fr\/wp-json\/wp\/v2\/media\/184438"}],"wp:attachment":[{"href":"https:\/\/www.budream.com\/fr\/wp-json\/wp\/v2\/media?parent=248828"}],"wp:term":[{"taxonomy":"product_brand","embeddable":true,"href":"https:\/\/www.budream.com\/fr\/wp-json\/wp\/v2\/product_brand?post=248828"},{"taxonomy":"product_cat","embeddable":true,"href":"https:\/\/www.budream.com\/fr\/wp-json\/wp\/v2\/product_cat?post=248828"},{"taxonomy":"product_tag","embeddable":true,"href":"https:\/\/www.budream.com\/fr\/wp-json\/wp\/v2\/product_tag?post=248828"}],"curies":[{"name":"wp","href":"https:\/\/api.w.org\/{rel}","templated":true}]}}