{"id":248858,"date":"2026-01-21T18:08:50","date_gmt":"2026-01-21T16:08:50","guid":{"rendered":"https:\/\/www.budream.com\/shop\/humboldt-seeds-company-humboldt-dream-auto\/"},"modified":"2026-03-24T12:29:42","modified_gmt":"2026-03-24T10:29:42","slug":"humboldt-seeds-company-humboldt-dream-auto","status":"publish","type":"product","link":"https:\/\/www.budream.com\/fr\/shop\/humboldt-seeds-company-humboldt-dream-auto\/","title":{"rendered":"HUMBOLDT SEEDS COMPANY &#8211; HUMBOLDT DREAM AUTO"},"content":{"rendered":"<div style=\"text-align: justify\">D\u00e9couvrez l&rsquo;enchantement des graines Humboldt Dream Auto, une vari\u00e9t\u00e9 originale qui vous transportera dans un monde de possibilit\u00e9s illimit\u00e9es ! Cette autofloraison combine 70% d&rsquo;Indica et 30% de Sativa.<br \/>Les graines de Humboldt Dream Auto poss\u00e8dent une lign\u00e9e g\u00e9n\u00e9tique remarquable, r\u00e9sultat du croisement d&rsquo;une vari\u00e9t\u00e9 originale de Humboldt Dream avec Blue Dream et Emerald Fire OG Auto.<\/div>\n<p><\/p>\n<h2><strong>Caract\u00e9ristiques Humboldt Dream Auto :<\/strong><\/h2>\n<ul style=\"list-style-type: disc\">\n<li><strong>Genre :<\/strong> Autofloraison f\u00e9minis\u00e9e<\/li>\n<li><strong>G\u00e9notype :<\/strong> Hybride 70% Indica \/ 30% Sativa (Contient des g\u00e9n\u00e9tiques Ruderalis)<\/li>\n<li><strong>G\u00e9n\u00e9tique :<\/strong> Humboldt Dream X Blue Dream X Emerald Fire OG Auto<\/li>\n<li>Jours<strong>:<\/strong> 95 jours<\/li>\n<\/ul>\n<p><\/p>\n<div style=\"text-align: justify\"><span style=\"font-size: 11pt\"><em><strong>ATTENTION :<\/strong> Les graines de chanvre sont exclues de la notion l\u00e9gale de Cannabis, ce qui signifie qu&rsquo;elles ne doivent pas \u00eatre consid\u00e9r\u00e9es comme une substance stup\u00e9fiante (L. 412 de 1974, art. 1, paragraphe 1, lettre B ; Convention unique sur les stup\u00e9fiants de New York de 1961 et tableau II du d\u00e9cret minist\u00e9riel 27\/7\/1992). En Italie, la culture du chanvre est interdite (articles 28 et 73 du d\u00e9cret pr\u00e9sidentiel 309\/90), sauf autorisation sp\u00e9ciale (article 17 du d\u00e9cret pr\u00e9sidentiel 309\/90). En l&rsquo;absence d&rsquo;autorisation, les semences ne peuvent \u00eatre utilis\u00e9es qu&rsquo;\u00e0 d&rsquo;autres fins (zootechniques, de collection, etc.). Les semences sont vendues sous r\u00e9serve qu&rsquo;elles ne soient pas utilis\u00e9es par des tiers en contradiction avec la loi.<\/em><\/span><\/div>\n","protected":false},"excerpt":{"rendered":"<p>D\u00e9couvrez l&rsquo;enchantement des graines Humboldt Dream Auto, une vari\u00e9t\u00e9 originale qui vous transportera dans un monde de possibilit\u00e9s illimit\u00e9es !<\/p>\n","protected":false},"featured_media":181809,"comment_status":"open","ping_status":"closed","template":"","meta":[],"product_brand":[],"product_cat":[7951],"product_tag":[],"class_list":{"0":"post-248858","1":"product","2":"type-product","3":"status-publish","4":"has-post-thumbnail","6":"product_cat-magasin-de-graines","8":"first","9":"instock","10":"taxable","11":"shipping-taxable","12":"purchasable","13":"product-type-variable"},"aioseo_notices":[],"_links":{"self":[{"href":"https:\/\/www.budream.com\/fr\/wp-json\/wp\/v2\/product\/248858","targetHints":{"allow":["GET"]}}],"collection":[{"href":"https:\/\/www.budream.com\/fr\/wp-json\/wp\/v2\/product"}],"about":[{"href":"https:\/\/www.budream.com\/fr\/wp-json\/wp\/v2\/types\/product"}],"replies":[{"embeddable":true,"href":"https:\/\/www.budream.com\/fr\/wp-json\/wp\/v2\/comments?post=248858"}],"version-history":[{"count":0,"href":"https:\/\/www.budream.com\/fr\/wp-json\/wp\/v2\/product\/248858\/revisions"}],"wp:featuredmedia":[{"embeddable":true,"href":"https:\/\/www.budream.com\/fr\/wp-json\/wp\/v2\/media\/181809"}],"wp:attachment":[{"href":"https:\/\/www.budream.com\/fr\/wp-json\/wp\/v2\/media?parent=248858"}],"wp:term":[{"taxonomy":"product_brand","embeddable":true,"href":"https:\/\/www.budream.com\/fr\/wp-json\/wp\/v2\/product_brand?post=248858"},{"taxonomy":"product_cat","embeddable":true,"href":"https:\/\/www.budream.com\/fr\/wp-json\/wp\/v2\/product_cat?post=248858"},{"taxonomy":"product_tag","embeddable":true,"href":"https:\/\/www.budream.com\/fr\/wp-json\/wp\/v2\/product_tag?post=248858"}],"curies":[{"name":"wp","href":"https:\/\/api.w.org\/{rel}","templated":true}]}}