{"id":249018,"date":"2026-01-21T18:20:01","date_gmt":"2026-01-21T16:20:01","guid":{"rendered":"https:\/\/www.budream.com\/shop\/humboldt-seeds-company-strawberry-cheesecake-auto\/"},"modified":"2026-03-19T16:01:14","modified_gmt":"2026-03-19T14:01:14","slug":"humboldt-seeds-company-strawberry-cheesecake-auto","status":"publish","type":"product","link":"https:\/\/www.budream.com\/fr\/shop\/humboldt-seeds-company-strawberry-cheesecake-auto\/","title":{"rendered":"HUMBOLDT SEEDS COMPANY &#8211; STRAWBERRY CHEESECAKE AUTO"},"content":{"rendered":"<div style=\"text-align: justify\">Le moment est venu de d\u00e9couvrir les d\u00e9licieuses graines Strawberry Cheesecake Auto ! Celles-ci pr\u00e9sentent un m\u00e9lange g\u00e9n\u00e9tique impressionnant des vari\u00e9t\u00e9s originales GSC Forum et Purple Panty Dropper avec Vanilla Latte Auto. En cons\u00e9quence, cet hybride \u00e0 autofloraison tend vers le c\u00f4t\u00e9 Indica, avec une composition de 70% Indica et 30% Sativa.<\/div>\n<p><\/p>\n<h2><strong>Caract\u00e9ristiques Strawberry Cheesecake Auto :<\/strong><\/h2>\n<ul style=\"list-style-type: disc\">\n<li><strong>Genre :<\/strong> Autofloraison f\u00e9minis\u00e9e<\/li>\n<li><strong>G\u00e9notype :<\/strong> Hybride 70% Indica \/ 30% Sativa (Contient des g\u00e9n\u00e9tiques Ruderalis)<\/li>\n<li><strong>G\u00e9n\u00e9tique :<\/strong> PPD X Strawberry Cheesecake X Vanilla Latte Auto<\/li>\n<li><strong>Jours :<\/strong> 70-90 jours<\/li>\n<\/ul>\n<p><\/p>\n<div style=\"text-align: justify\"><span style=\"font-size: 11pt\"><em><strong>ATTENTION :<\/strong> Les graines de chanvre sont exclues de la notion l\u00e9gale de Cannabis, ce qui signifie qu&rsquo;elles ne doivent pas \u00eatre consid\u00e9r\u00e9es comme une substance stup\u00e9fiante (L. 412 de 1974, art. 1, paragraphe 1, lettre B ; Convention unique sur les stup\u00e9fiants de New York de 1961 et tableau II du d\u00e9cret minist\u00e9riel 27\/7\/1992). En Italie, la culture du chanvre est interdite (articles 28 et 73 du d\u00e9cret pr\u00e9sidentiel 309\/90), sauf autorisation sp\u00e9ciale (article 17 du d\u00e9cret pr\u00e9sidentiel 309\/90). En l&rsquo;absence d&rsquo;autorisation, les semences ne peuvent \u00eatre utilis\u00e9es qu&rsquo;\u00e0 d&rsquo;autres fins (zootechniques, de collection, etc.). Les semences sont vendues sous r\u00e9serve qu&rsquo;elles ne soient pas utilis\u00e9es par des tiers en contradiction avec la loi.<\/em><\/span><\/div>\n","protected":false},"excerpt":{"rendered":"<p>Le moment est venu de d\u00e9couvrir les d\u00e9licieuses graines Strawberry Cheesecake Auto ! Celles-ci pr\u00e9sentent un m\u00e9lange g\u00e9n\u00e9tique impressionnant des<\/p>\n","protected":false},"featured_media":182109,"comment_status":"open","ping_status":"closed","template":"","meta":[],"product_brand":[],"product_cat":[7951],"product_tag":[],"class_list":{"0":"post-249018","1":"product","2":"type-product","3":"status-publish","4":"has-post-thumbnail","6":"product_cat-magasin-de-graines","8":"first","9":"instock","10":"taxable","11":"shipping-taxable","12":"purchasable","13":"product-type-variable"},"aioseo_notices":[],"_links":{"self":[{"href":"https:\/\/www.budream.com\/fr\/wp-json\/wp\/v2\/product\/249018","targetHints":{"allow":["GET"]}}],"collection":[{"href":"https:\/\/www.budream.com\/fr\/wp-json\/wp\/v2\/product"}],"about":[{"href":"https:\/\/www.budream.com\/fr\/wp-json\/wp\/v2\/types\/product"}],"replies":[{"embeddable":true,"href":"https:\/\/www.budream.com\/fr\/wp-json\/wp\/v2\/comments?post=249018"}],"version-history":[{"count":0,"href":"https:\/\/www.budream.com\/fr\/wp-json\/wp\/v2\/product\/249018\/revisions"}],"wp:featuredmedia":[{"embeddable":true,"href":"https:\/\/www.budream.com\/fr\/wp-json\/wp\/v2\/media\/182109"}],"wp:attachment":[{"href":"https:\/\/www.budream.com\/fr\/wp-json\/wp\/v2\/media?parent=249018"}],"wp:term":[{"taxonomy":"product_brand","embeddable":true,"href":"https:\/\/www.budream.com\/fr\/wp-json\/wp\/v2\/product_brand?post=249018"},{"taxonomy":"product_cat","embeddable":true,"href":"https:\/\/www.budream.com\/fr\/wp-json\/wp\/v2\/product_cat?post=249018"},{"taxonomy":"product_tag","embeddable":true,"href":"https:\/\/www.budream.com\/fr\/wp-json\/wp\/v2\/product_tag?post=249018"}],"curies":[{"name":"wp","href":"https:\/\/api.w.org\/{rel}","templated":true}]}}