{"id":249038,"date":"2026-01-21T18:21:31","date_gmt":"2026-01-21T16:21:31","guid":{"rendered":"https:\/\/www.budream.com\/shop\/humboldt-seeds-company-vanilla-latte-auto\/"},"modified":"2026-03-11T15:16:59","modified_gmt":"2026-03-11T13:16:59","slug":"humboldt-seeds-company-vanilla-latte-auto","status":"publish","type":"product","link":"https:\/\/www.budream.com\/fr\/shop\/humboldt-seeds-company-vanilla-latte-auto\/","title":{"rendered":"HUMBOLDT SEEDS COMPANY &#8211; VANILLA LATTE AUTO"},"content":{"rendered":"<div style=\"text-align: justify\">D\u00e9couvrez l&rsquo;excellence vari\u00e9tale avec Vanilla Latte, un t\u00e9moignage de l&rsquo;id\u00e9e fausse selon laquelle les autofloraisons sont inf\u00e9rieures aux photop\u00e9riodes. Issue d&rsquo;un m\u00e9ticuleux processus de croisement entre Vanilla Frosting et Sol Mate Auto.<\/div>\n<p><\/p>\n<h2><strong>Caract\u00e9ristiques Vanilla Milk Auto :<\/strong><\/h2>\n<ul style=\"list-style-type: disc\">\n<li><strong>Genre :<\/strong> Autofloraison f\u00e9minis\u00e9e<\/li>\n<li><strong>G\u00e9notype :<\/strong> Hybride \u00e0 dominance Indica (Contient des g\u00e8nes de Ruderalis)<\/li>\n<li><strong>G\u00e9n\u00e9tique :<\/strong> Vanilla Frosting X Sol Mate Auto<\/li>\n<li><strong>Jours :<\/strong> 80-90 jours<\/li>\n<\/ul>\n<p><\/p>\n<div style=\"text-align: justify\"><span style=\"font-size: 11pt\"><em><strong>ATTENTION :<\/strong> Les graines de chanvre sont exclues de la notion l\u00e9gale de Cannabis, ce qui signifie qu&rsquo;elles ne doivent pas \u00eatre consid\u00e9r\u00e9es comme une substance stup\u00e9fiante (L. 412 de 1974, Art. 1, paragraphe 1, lettre B ; Convention unique sur les stup\u00e9fiants de New York de 1961 et tableau II du d\u00e9cret minist\u00e9riel 27\/7\/1992). En Italie, la culture du chanvre est interdite (articles 28 et 73 du d\u00e9cret pr\u00e9sidentiel 309\/90), sauf autorisation sp\u00e9ciale (article 17 du d\u00e9cret pr\u00e9sidentiel 309\/90). En l&rsquo;absence d&rsquo;autorisation, les semences ne peuvent \u00eatre utilis\u00e9es qu&rsquo;\u00e0 d&rsquo;autres fins (zootechniques, de collection, etc.). Les semences sont vendues sous r\u00e9serve qu&rsquo;elles ne soient pas utilis\u00e9es par des tiers en contradiction avec la loi.<\/em><\/span><\/div>\n","protected":false},"excerpt":{"rendered":"<p>D\u00e9couvrez l&rsquo;excellence vari\u00e9tale avec Vanilla Latte, un t\u00e9moignage de l&rsquo;id\u00e9e fausse selon laquelle les autofloraisons sont inf\u00e9rieures aux photop\u00e9riodes. Issue<\/p>\n","protected":false},"featured_media":182142,"comment_status":"open","ping_status":"closed","template":"","meta":[],"product_brand":[],"product_cat":[7951],"product_tag":[],"class_list":{"0":"post-249038","1":"product","2":"type-product","3":"status-publish","4":"has-post-thumbnail","6":"product_cat-magasin-de-graines","8":"first","9":"instock","10":"taxable","11":"shipping-taxable","12":"purchasable","13":"product-type-variable"},"aioseo_notices":[],"_links":{"self":[{"href":"https:\/\/www.budream.com\/fr\/wp-json\/wp\/v2\/product\/249038","targetHints":{"allow":["GET"]}}],"collection":[{"href":"https:\/\/www.budream.com\/fr\/wp-json\/wp\/v2\/product"}],"about":[{"href":"https:\/\/www.budream.com\/fr\/wp-json\/wp\/v2\/types\/product"}],"replies":[{"embeddable":true,"href":"https:\/\/www.budream.com\/fr\/wp-json\/wp\/v2\/comments?post=249038"}],"version-history":[{"count":0,"href":"https:\/\/www.budream.com\/fr\/wp-json\/wp\/v2\/product\/249038\/revisions"}],"wp:featuredmedia":[{"embeddable":true,"href":"https:\/\/www.budream.com\/fr\/wp-json\/wp\/v2\/media\/182142"}],"wp:attachment":[{"href":"https:\/\/www.budream.com\/fr\/wp-json\/wp\/v2\/media?parent=249038"}],"wp:term":[{"taxonomy":"product_brand","embeddable":true,"href":"https:\/\/www.budream.com\/fr\/wp-json\/wp\/v2\/product_brand?post=249038"},{"taxonomy":"product_cat","embeddable":true,"href":"https:\/\/www.budream.com\/fr\/wp-json\/wp\/v2\/product_cat?post=249038"},{"taxonomy":"product_tag","embeddable":true,"href":"https:\/\/www.budream.com\/fr\/wp-json\/wp\/v2\/product_tag?post=249038"}],"curies":[{"name":"wp","href":"https:\/\/api.w.org\/{rel}","templated":true}]}}