{"id":249158,"date":"2026-01-21T18:29:55","date_gmt":"2026-01-21T16:29:55","guid":{"rendered":"https:\/\/www.budream.com\/shop\/humboldt-seeds-company-farmers-daughter-fem\/"},"modified":"2026-01-21T18:31:18","modified_gmt":"2026-01-21T16:31:18","slug":"humboldt-seeds-company-farmers-daughter-fem","status":"publish","type":"product","link":"https:\/\/www.budream.com\/fr\/shop\/humboldt-seeds-company-farmers-daughter-fem\/","title":{"rendered":"HUMBOLDT SEEDS COMPANY &#8211; FARMER&rsquo;S DAUGHTER FEM"},"content":{"rendered":"<div style=\"text-align: justify\">Les graines Farmer&rsquo;s Daughter sont le r\u00e9sultat d&rsquo;un croisement entre les vari\u00e9t\u00e9s Vanilla Cr&egrave;me Pie et Humboldt Pound Cake Bx3. Gr\u00e2ce \u00e0 ce m\u00e9lange, le r\u00e9sultat est une pr\u00e9dominance de 60% de Sativa.<\/div>\n<p><\/p>\n<h2><strong>Caract\u00e9ristiques Farmer&rsquo;s Daughter Fem :<\/strong><\/h2>\n<ul style=\"list-style-type: disc\">\n<li><strong>Genre :<\/strong> F\u00e9minis\u00e9e<\/li>\n<li><strong>G\u00e9notype :<\/strong> Hybride 40% Indica \/ 60% Sativa<\/li>\n<li><strong>G&eacute;n&eacute;tique :<\/strong> Vanilla Cr&eacute;me Pie X Humboldt Pound Cake Bx3<\/li>\n<li>Jours<strong>:<\/strong> 70 jours<\/li>\n<\/ul>\n<p><\/p>\n<div style=\"text-align: justify\"><span style=\"font-size: 11pt\"><em><strong>ATTENTION :<\/strong> Les graines de chanvre sont exclues de la notion l\u00e9gale de Cannabis, ce qui signifie qu&rsquo;elles ne doivent pas \u00eatre consid\u00e9r\u00e9es comme une substance stup\u00e9fiante (L. 412 de 1974, art. 1, alin\u00e9a 1, lettre B ; Convention unique sur les stup\u00e9fiants de New York de 1961 et tableau II du d\u00e9cret minist\u00e9riel 27\/7\/1992). En Italie, la culture du chanvre est interdite (articles 28 et 73 du d\u00e9cret pr\u00e9sidentiel 309\/90), sauf autorisation sp\u00e9ciale (article 17 du d\u00e9cret pr\u00e9sidentiel 309\/90). En l&rsquo;absence d&rsquo;autorisation, les semences ne peuvent \u00eatre utilis\u00e9es qu&rsquo;\u00e0 d&rsquo;autres fins (zootechniques, de collection, etc.). Les semences sont vendues sous r\u00e9serve qu&rsquo;elles ne soient pas utilis\u00e9es par des tiers en contradiction avec la loi.<\/em><\/span><\/div>\n","protected":false},"excerpt":{"rendered":"<p>Les graines Farmer&rsquo;s Daughter sont le r\u00e9sultat d&rsquo;un croisement entre les vari\u00e9t\u00e9s Vanilla Cr&egrave;me Pie et Humboldt Pound Cake Bx3.<\/p>\n","protected":false},"featured_media":182352,"comment_status":"open","ping_status":"closed","template":"","meta":[],"product_brand":[],"product_cat":[7951],"product_tag":[],"class_list":{"0":"post-249158","1":"product","2":"type-product","3":"status-publish","4":"has-post-thumbnail","6":"product_cat-magasin-de-graines","8":"first","9":"instock","10":"taxable","11":"shipping-taxable","12":"purchasable","13":"product-type-variable"},"aioseo_notices":[],"_links":{"self":[{"href":"https:\/\/www.budream.com\/fr\/wp-json\/wp\/v2\/product\/249158","targetHints":{"allow":["GET"]}}],"collection":[{"href":"https:\/\/www.budream.com\/fr\/wp-json\/wp\/v2\/product"}],"about":[{"href":"https:\/\/www.budream.com\/fr\/wp-json\/wp\/v2\/types\/product"}],"replies":[{"embeddable":true,"href":"https:\/\/www.budream.com\/fr\/wp-json\/wp\/v2\/comments?post=249158"}],"version-history":[{"count":0,"href":"https:\/\/www.budream.com\/fr\/wp-json\/wp\/v2\/product\/249158\/revisions"}],"wp:featuredmedia":[{"embeddable":true,"href":"https:\/\/www.budream.com\/fr\/wp-json\/wp\/v2\/media\/182352"}],"wp:attachment":[{"href":"https:\/\/www.budream.com\/fr\/wp-json\/wp\/v2\/media?parent=249158"}],"wp:term":[{"taxonomy":"product_brand","embeddable":true,"href":"https:\/\/www.budream.com\/fr\/wp-json\/wp\/v2\/product_brand?post=249158"},{"taxonomy":"product_cat","embeddable":true,"href":"https:\/\/www.budream.com\/fr\/wp-json\/wp\/v2\/product_cat?post=249158"},{"taxonomy":"product_tag","embeddable":true,"href":"https:\/\/www.budream.com\/fr\/wp-json\/wp\/v2\/product_tag?post=249158"}],"curies":[{"name":"wp","href":"https:\/\/api.w.org\/{rel}","templated":true}]}}