{"id":249178,"date":"2026-01-21T18:31:28","date_gmt":"2026-01-21T16:31:28","guid":{"rendered":"https:\/\/www.budream.com\/shop\/humboldt-seeds-company-g-s-cookies-fem\/"},"modified":"2026-03-19T15:44:09","modified_gmt":"2026-03-19T13:44:09","slug":"humboldt-seeds-company-g-s-cookies-fem","status":"publish","type":"product","link":"https:\/\/www.budream.com\/fr\/shop\/humboldt-seeds-company-g-s-cookies-fem\/","title":{"rendered":"HUMBOLDT SEEDS COMPANY &#8211; G.S. COOKIES FEM"},"content":{"rendered":"<div style=\"text-align: justify\">La GS Cookies (\u00e9galement appel\u00e9e GS Monster) est un croisement hybride \u00e0 dominance indica entre la Purple Panty Dropper (PPD) et la GS Cookies. Elle est similaire \u00e0 la GSC (Girl Scout Cookies) originale, la vari\u00e9t\u00e9 hybride qui a donn\u00e9 naissance \u00e0 l&rsquo;ensemble du genre g\u00e9n\u00e9tique Cookies. La GSC a \u00e9t\u00e9 cr\u00e9\u00e9e \u00e0 l&rsquo;origine par Cookies (la marque) \u00e0 San Francisco, en Californie, vers 2010. Il a connu un succ\u00e8s imm\u00e9diat et s&rsquo;est r\u00e9pandu dans le monde entier, devenant le g\u00e9niteur de nombreuses autres vari\u00e9t\u00e9s populaires telles que Thin Mint Cookies, Platinum Cookies et, bien s\u00fbr, Gelato. Depuis lors, une grande partie de la g\u00e9n\u00e9tique authentique de la GSC a \u00e9t\u00e9 perdue, mais heureusement, des entreprises comme Humboldt Seed Company ont s\u00e9lectionn\u00e9 et stabilis\u00e9 leur propre version authentique de cette l\u00e9gende de Californie du Nord. C&rsquo;est l\u00e0 qu&rsquo;intervient la GS Cookies\/GS Monster. Selon Nat Pennington, fondateur de Humboldt Seed Company, la GS Cookies a \u00e9t\u00e9 stabilis\u00e9e avec une Forum Cut Cookies, cr\u00e9\u00e9e \u00e0 partir de la coupe F1 de la Durban Poison crois\u00e9e avec l&rsquo;OG Kush.<\/div>\n<p><\/p>\n<h2><strong>Caract\u00e9ristiques G.S. Cookies Fem :<\/strong><\/h2>\n<ul style=\"list-style-type: disc\">\n<li><strong>Genre :<\/strong> F\u00e9minis\u00e9e<\/li>\n<li><strong>G\u00e9notype :<\/strong> Hybride \u00e0 dominance indica<\/li>\n<li><strong>G\u00e9n\u00e9tique :<\/strong> PPD x G.S. Cookies<\/li>\n<li><strong>Jours :<\/strong> 55 jours<\/li>\n<\/ul>\n<p><\/p>\n<div style=\"text-align: justify\"><span style=\"font-size: 11pt\"><em><strong>ATTENTION :<\/strong> Les graines de chanvre sont exclues de la notion l\u00e9gale de Cannabis, ce qui signifie qu&rsquo;elles ne doivent pas \u00eatre consid\u00e9r\u00e9es comme une substance stup\u00e9fiante (L. 412 de 1974, art. 1, virgule 1, lett. B ; Convention unique sur les stup\u00e9fiants de New York de 1961 et tableau II du d\u00e9cret minist\u00e9riel 27\/7\/1992). En Italie, la culture du chanvre est interdite (articles 28 et 73 du d\u00e9cret pr\u00e9sidentiel 309\/90), sauf autorisation sp\u00e9ciale (article 17 du d\u00e9cret pr\u00e9sidentiel 309\/90). En l&rsquo;absence d&rsquo;autorisation, les semences ne peuvent \u00eatre utilis\u00e9es qu&rsquo;\u00e0 d&rsquo;autres fins (zootechniques, de collection, etc.). Les semences sont vendues sous r\u00e9serve qu&rsquo;elles ne soient pas utilis\u00e9es par des tiers en contradiction avec la loi.<\/em><\/span><\/div>\n","protected":false},"excerpt":{"rendered":"<p>La GS Cookies (\u00e9galement appel\u00e9e GS Monster) est un croisement hybride \u00e0 dominance indica entre la Purple Panty Dropper (PPD)<\/p>\n","protected":false},"featured_media":182387,"comment_status":"open","ping_status":"closed","template":"","meta":[],"product_brand":[],"product_cat":[7951],"product_tag":[],"class_list":{"0":"post-249178","1":"product","2":"type-product","3":"status-publish","4":"has-post-thumbnail","6":"product_cat-magasin-de-graines","8":"first","9":"instock","10":"taxable","11":"shipping-taxable","12":"purchasable","13":"product-type-variable"},"aioseo_notices":[],"_links":{"self":[{"href":"https:\/\/www.budream.com\/fr\/wp-json\/wp\/v2\/product\/249178","targetHints":{"allow":["GET"]}}],"collection":[{"href":"https:\/\/www.budream.com\/fr\/wp-json\/wp\/v2\/product"}],"about":[{"href":"https:\/\/www.budream.com\/fr\/wp-json\/wp\/v2\/types\/product"}],"replies":[{"embeddable":true,"href":"https:\/\/www.budream.com\/fr\/wp-json\/wp\/v2\/comments?post=249178"}],"version-history":[{"count":0,"href":"https:\/\/www.budream.com\/fr\/wp-json\/wp\/v2\/product\/249178\/revisions"}],"wp:featuredmedia":[{"embeddable":true,"href":"https:\/\/www.budream.com\/fr\/wp-json\/wp\/v2\/media\/182387"}],"wp:attachment":[{"href":"https:\/\/www.budream.com\/fr\/wp-json\/wp\/v2\/media?parent=249178"}],"wp:term":[{"taxonomy":"product_brand","embeddable":true,"href":"https:\/\/www.budream.com\/fr\/wp-json\/wp\/v2\/product_brand?post=249178"},{"taxonomy":"product_cat","embeddable":true,"href":"https:\/\/www.budream.com\/fr\/wp-json\/wp\/v2\/product_cat?post=249178"},{"taxonomy":"product_tag","embeddable":true,"href":"https:\/\/www.budream.com\/fr\/wp-json\/wp\/v2\/product_tag?post=249178"}],"curies":[{"name":"wp","href":"https:\/\/api.w.org\/{rel}","templated":true}]}}