{"id":249318,"date":"2026-01-21T18:41:20","date_gmt":"2026-01-21T16:41:20","guid":{"rendered":"https:\/\/www.budream.com\/shop\/humboldt-seeds-company-slightly-stoopid-fruits-fem\/"},"modified":"2026-03-24T19:11:50","modified_gmt":"2026-03-24T17:11:50","slug":"humboldt-seeds-company-slightly-stoopid-fruits-fem","status":"publish","type":"product","link":"https:\/\/www.budream.com\/fr\/shop\/humboldt-seeds-company-slightly-stoopid-fruits-fem\/","title":{"rendered":"HUMBOLDT SEEDS COMPANY &#8211; SLIGHTLY STOOPID FRUITS FEM"},"content":{"rendered":"<div style=\"text-align: justify\">Les graines de Slightly Stoopid Fruits sont issues d&rsquo;un croisement g\u00e9n\u00e9tique entre Apricot Papaya et Strawberry DQ. De ce croisement na\u00eet une vari\u00e9t\u00e9 avec une pr\u00e9dominance de 80% de Sativa et 20% d&rsquo;Indica.<\/div>\n<p><\/p>\n<h2><strong>Caract\u00e9ristiques Slightly Stoopid Fruits Fem :<\/strong><\/h2>\n<ul style=\"list-style-type: disc\">\n<li><strong>Genre :<\/strong> F\u00e9minis\u00e9e<\/li>\n<li><strong>G\u00e9notype :<\/strong> Hybride 20% Indica\/ 80% Sativa<\/li>\n<li><strong>G\u00e9n\u00e9tique :<\/strong> Apricot Papaya X Strawberry Dream Queen<\/li>\n<li>Jours<strong>:<\/strong> 65 jours<\/li>\n<\/ul>\n<p><\/p>\n<div style=\"text-align: justify\"><span style=\"font-size: 11pt\"><em><strong>ATTENTION :<\/strong> Les graines de chanvre sont exclues de la notion l\u00e9gale de Cannabis, ce qui signifie qu&rsquo;elles ne doivent pas \u00eatre consid\u00e9r\u00e9es comme une substance narcotique (Loi 412 de 1974, Art. 1, paragraphe 1, lettre B ; Convention Unique sur les Stup\u00e9fiants de New York de 1961 et tableau II du D\u00e9cret Minist\u00e9riel 27\/7\/1992). En Italie, la culture du chanvre est interdite (articles 28 et 73 du d\u00e9cret pr\u00e9sidentiel 309\/90), sauf autorisation sp\u00e9ciale (article 17 du d\u00e9cret pr\u00e9sidentiel 309\/90). En l&rsquo;absence d&rsquo;autorisation, les semences ne peuvent \u00eatre utilis\u00e9es qu&rsquo;\u00e0 d&rsquo;autres fins (zootechniques, de collection, etc.). Les semences sont vendues sous r\u00e9serve qu&rsquo;elles ne soient pas utilis\u00e9es par des tiers en contradiction avec la loi.<\/em><\/span><\/div>\n","protected":false},"excerpt":{"rendered":"<p>Les graines de Slightly Stoopid Fruits sont issues d&rsquo;un croisement g\u00e9n\u00e9tique entre Apricot Papaya et Strawberry DQ. De ce croisement<\/p>\n","protected":false},"featured_media":182632,"comment_status":"open","ping_status":"closed","template":"","meta":[],"product_brand":[],"product_cat":[7951],"product_tag":[],"class_list":{"0":"post-249318","1":"product","2":"type-product","3":"status-publish","4":"has-post-thumbnail","6":"product_cat-magasin-de-graines","8":"first","9":"instock","10":"taxable","11":"shipping-taxable","12":"purchasable","13":"product-type-variable"},"aioseo_notices":[],"_links":{"self":[{"href":"https:\/\/www.budream.com\/fr\/wp-json\/wp\/v2\/product\/249318","targetHints":{"allow":["GET"]}}],"collection":[{"href":"https:\/\/www.budream.com\/fr\/wp-json\/wp\/v2\/product"}],"about":[{"href":"https:\/\/www.budream.com\/fr\/wp-json\/wp\/v2\/types\/product"}],"replies":[{"embeddable":true,"href":"https:\/\/www.budream.com\/fr\/wp-json\/wp\/v2\/comments?post=249318"}],"version-history":[{"count":0,"href":"https:\/\/www.budream.com\/fr\/wp-json\/wp\/v2\/product\/249318\/revisions"}],"wp:featuredmedia":[{"embeddable":true,"href":"https:\/\/www.budream.com\/fr\/wp-json\/wp\/v2\/media\/182632"}],"wp:attachment":[{"href":"https:\/\/www.budream.com\/fr\/wp-json\/wp\/v2\/media?parent=249318"}],"wp:term":[{"taxonomy":"product_brand","embeddable":true,"href":"https:\/\/www.budream.com\/fr\/wp-json\/wp\/v2\/product_brand?post=249318"},{"taxonomy":"product_cat","embeddable":true,"href":"https:\/\/www.budream.com\/fr\/wp-json\/wp\/v2\/product_cat?post=249318"},{"taxonomy":"product_tag","embeddable":true,"href":"https:\/\/www.budream.com\/fr\/wp-json\/wp\/v2\/product_tag?post=249318"}],"curies":[{"name":"wp","href":"https:\/\/api.w.org\/{rel}","templated":true}]}}