{"id":249358,"date":"2026-01-21T18:44:05","date_gmt":"2026-01-21T16:44:05","guid":{"rendered":"https:\/\/www.budream.com\/shop\/humboldt-seeds-company-mango-sherbet-auto\/"},"modified":"2026-03-12T13:06:01","modified_gmt":"2026-03-12T11:06:01","slug":"humboldt-seeds-company-mango-sherbet-auto","status":"publish","type":"product","link":"https:\/\/www.budream.com\/fr\/shop\/humboldt-seeds-company-mango-sherbet-auto\/","title":{"rendered":"HUMBOLDT SEEDS COMPANY &#8211; MANGO SHERBET AUTO"},"content":{"rendered":"<div style=\"text-align: justify\">Il semble que la Mango et la Sherbert \u00e9taient destin\u00e9es \u00e0 se croiser dans notre usine d&rsquo;East Humboldt. Notre coordinateur exp\u00e9riment\u00e9 a appari\u00e9 ces vari\u00e9t\u00e9s, en exploitant le potentiel de la Mango et en honorant la saveur douce et le go\u00fbt sucr\u00e9 d\u00e9licat de la Sherbert.<\/div>\n<p><\/p>\n<h2><strong>Caract\u00e9ristiques : Mango Sherbet Auto :<\/strong><\/h2>\n<ul style=\"list-style-type: disc\">\n<li><strong>Genre :<\/strong> Autofloraison f\u00e9minis\u00e9e<\/li>\n<li><strong>G\u00e9notype :<\/strong> Hybride \u00e0 dominance indica (contient des g\u00e8nes de Ruderalis)<\/li>\n<li><strong>G\u00e9n\u00e9tique :<\/strong> Mango Sherbert X Sour Apple Auto<\/li>\n<li><strong>Jours :<\/strong> 80-100 jours<\/li>\n<\/ul>\n<p><\/p>\n<div style=\"text-align: justify\"><span style=\"font-size: 11pt\"><em><strong>ATTENTION :<\/strong> Les graines de chanvre sont exclues de la notion l\u00e9gale de Cannabis, ce qui signifie qu&rsquo;elles ne doivent pas \u00eatre consid\u00e9r\u00e9es comme une substance stup\u00e9fiante (L. 412 de 1974, Art. 1, paragraphe 1, lettre B ; Convention unique sur les stup\u00e9fiants de New York de 1961 et tableau II du d\u00e9cret minist\u00e9riel 27\/7\/1992). En Italie, la culture du chanvre est interdite (articles 28 et 73 du d\u00e9cret pr\u00e9sidentiel 309\/90), sauf autorisation sp\u00e9ciale (article 17 du d\u00e9cret pr\u00e9sidentiel 309\/90). En l&rsquo;absence d&rsquo;autorisation, les semences ne peuvent \u00eatre utilis\u00e9es qu&rsquo;\u00e0 d&rsquo;autres fins (zootechniques, de collection, etc.). Les semences sont vendues sous r\u00e9serve qu&rsquo;elles ne soient pas utilis\u00e9es par des tiers en contradiction avec la loi.<\/em><\/span><\/div>\n","protected":false},"excerpt":{"rendered":"<p>Il semble que la Mango et la Sherbert \u00e9taient destin\u00e9es \u00e0 se croiser dans notre usine d&rsquo;East Humboldt. Notre coordinateur<\/p>\n","protected":false},"featured_media":183112,"comment_status":"open","ping_status":"closed","template":"","meta":[],"product_brand":[],"product_cat":[7951],"product_tag":[],"class_list":{"0":"post-249358","1":"product","2":"type-product","3":"status-publish","4":"has-post-thumbnail","6":"product_cat-magasin-de-graines","8":"first","9":"instock","10":"taxable","11":"shipping-taxable","12":"purchasable","13":"product-type-variable"},"aioseo_notices":[],"_links":{"self":[{"href":"https:\/\/www.budream.com\/fr\/wp-json\/wp\/v2\/product\/249358","targetHints":{"allow":["GET"]}}],"collection":[{"href":"https:\/\/www.budream.com\/fr\/wp-json\/wp\/v2\/product"}],"about":[{"href":"https:\/\/www.budream.com\/fr\/wp-json\/wp\/v2\/types\/product"}],"replies":[{"embeddable":true,"href":"https:\/\/www.budream.com\/fr\/wp-json\/wp\/v2\/comments?post=249358"}],"version-history":[{"count":0,"href":"https:\/\/www.budream.com\/fr\/wp-json\/wp\/v2\/product\/249358\/revisions"}],"wp:featuredmedia":[{"embeddable":true,"href":"https:\/\/www.budream.com\/fr\/wp-json\/wp\/v2\/media\/183112"}],"wp:attachment":[{"href":"https:\/\/www.budream.com\/fr\/wp-json\/wp\/v2\/media?parent=249358"}],"wp:term":[{"taxonomy":"product_brand","embeddable":true,"href":"https:\/\/www.budream.com\/fr\/wp-json\/wp\/v2\/product_brand?post=249358"},{"taxonomy":"product_cat","embeddable":true,"href":"https:\/\/www.budream.com\/fr\/wp-json\/wp\/v2\/product_cat?post=249358"},{"taxonomy":"product_tag","embeddable":true,"href":"https:\/\/www.budream.com\/fr\/wp-json\/wp\/v2\/product_tag?post=249358"}],"curies":[{"name":"wp","href":"https:\/\/api.w.org\/{rel}","templated":true}]}}