{"id":251727,"date":"2026-02-17T17:00:46","date_gmt":"2026-02-17T15:00:46","guid":{"rendered":"https:\/\/www.budream.com\/shop\/mephisto-genetics-24-carat-auto-fem-32-graines\/"},"modified":"2026-03-30T21:55:09","modified_gmt":"2026-03-30T19:55:09","slug":"mephisto-genetics-24-carat-auto-fem-32-graines","status":"publish","type":"product","link":"https:\/\/www.budream.com\/fr\/shop\/mephisto-genetics-24-carat-auto-fem-32-graines\/","title":{"rendered":"MEPHISTO GENETICS &#8211; 24 CARAT AUTO FEM | 3+2 GRAINES"},"content":{"rendered":"<div style=\"text-align: justify\">Notre produit automatique le plus d\u00e9riv\u00e9 de l&rsquo;Afghanistan, la <strong data-start=\"120\" data-end=\"132\">24 Carat<\/strong>, tient une place sp\u00e9ciale dans nos coeurs car il s&rsquo;agit du tout premier produit r\u00e9alis\u00e9 par Mephisto Genetics.<\/div>\n<p><\/p>\n<h2><strong>Caract\u00e9ristiques 24 Carat Auto Fem Mephisto Genetics :<\/strong><\/h2>\n<ul style=\"list-style-type: disc\">\n<li><strong>Genus :<\/strong> Hybride F7 F\u00e9minis\u00e9e Autofloraison<\/li>\n<li><strong>G\u00e9notype : Indica : 100% \/ Sativa : 100% :<\/strong> Indica : 100% \/ Sativa : 0%<\/li>\n<li><strong>G\u00e9n\u00e9tique :<\/strong> Sour Boggle (BOG Seeds) x Breeding Auto Purple Indica<\/li>\n<li><strong>Jours :<\/strong> 65-75 jours<\/li>\n<\/ul>\n<p><\/p>\n<div style=\"text-align: justify\"><span style=\"font-size: 11pt\"><em><strong>ATTENTION :<\/strong> Les graines de chanvre sont exclues de la notion l\u00e9gale de Cannabis, ce qui signifie qu&rsquo;elles ne doivent pas \u00eatre consid\u00e9r\u00e9es comme une substance stup\u00e9fiante (L. 412 de 1974, art. 1, alin\u00e9a 1, lettre B ; Convention unique sur les stup\u00e9fiants de New York de 1961 et tableau II du d\u00e9cret minist\u00e9riel 27\/7\/1992). En Italie, la culture du chanvre est interdite (articles 28 et 73 du d\u00e9cret pr\u00e9sidentiel 309\/90), sauf autorisation sp\u00e9ciale (article 17 du d\u00e9cret pr\u00e9sidentiel 309\/90). En l&rsquo;absence d&rsquo;autorisation, les semences ne peuvent \u00eatre utilis\u00e9es qu&rsquo;\u00e0 d&rsquo;autres fins (zootechniques, de collection, etc.). Les semences sont vendues sous r\u00e9serve qu&rsquo;elles ne soient pas utilis\u00e9es par des tiers en contradiction avec la loi.<\/em><\/span><\/div>\n","protected":false},"excerpt":{"rendered":"<p>Notre produit automatique le plus d\u00e9riv\u00e9 de l&rsquo;Afghanistan, la 24 Carat, tient une place sp\u00e9ciale dans nos coeurs car il<\/p>\n","protected":false},"featured_media":251717,"comment_status":"open","ping_status":"closed","template":"","meta":[],"product_brand":[],"product_cat":[7951],"product_tag":[],"class_list":{"0":"post-251727","1":"product","2":"type-product","3":"status-publish","4":"has-post-thumbnail","6":"product_cat-magasin-de-graines","8":"first","9":"instock","10":"taxable","11":"shipping-taxable","12":"purchasable","13":"product-type-simple"},"aioseo_notices":[],"_links":{"self":[{"href":"https:\/\/www.budream.com\/fr\/wp-json\/wp\/v2\/product\/251727","targetHints":{"allow":["GET"]}}],"collection":[{"href":"https:\/\/www.budream.com\/fr\/wp-json\/wp\/v2\/product"}],"about":[{"href":"https:\/\/www.budream.com\/fr\/wp-json\/wp\/v2\/types\/product"}],"replies":[{"embeddable":true,"href":"https:\/\/www.budream.com\/fr\/wp-json\/wp\/v2\/comments?post=251727"}],"version-history":[{"count":0,"href":"https:\/\/www.budream.com\/fr\/wp-json\/wp\/v2\/product\/251727\/revisions"}],"wp:featuredmedia":[{"embeddable":true,"href":"https:\/\/www.budream.com\/fr\/wp-json\/wp\/v2\/media\/251717"}],"wp:attachment":[{"href":"https:\/\/www.budream.com\/fr\/wp-json\/wp\/v2\/media?parent=251727"}],"wp:term":[{"taxonomy":"product_brand","embeddable":true,"href":"https:\/\/www.budream.com\/fr\/wp-json\/wp\/v2\/product_brand?post=251727"},{"taxonomy":"product_cat","embeddable":true,"href":"https:\/\/www.budream.com\/fr\/wp-json\/wp\/v2\/product_cat?post=251727"},{"taxonomy":"product_tag","embeddable":true,"href":"https:\/\/www.budream.com\/fr\/wp-json\/wp\/v2\/product_tag?post=251727"}],"curies":[{"name":"wp","href":"https:\/\/api.w.org\/{rel}","templated":true}]}}