{"id":251772,"date":"2026-02-17T17:02:47","date_gmt":"2026-02-17T15:02:47","guid":{"rendered":"https:\/\/www.budream.com\/shop\/mephisto-genetics-alien-vs-triangle-auto-fem-32-graines\/"},"modified":"2026-03-30T22:01:08","modified_gmt":"2026-03-30T20:01:08","slug":"mephisto-genetics-alien-vs-triangle-auto-fem-32-graines","status":"publish","type":"product","link":"https:\/\/www.budream.com\/fr\/shop\/mephisto-genetics-alien-vs-triangle-auto-fem-32-graines\/","title":{"rendered":"MEPHISTO GENETICS &#8211; ALIEN VS: TRIANGLE AUTO FEM | 3+2 GRAINES"},"content":{"rendered":"<div style=\"text-align: justify\">Produite \u00e0 l&rsquo;origine en tant qu&rsquo;hybride F1 Limited Edition entre nos vari\u00e9t\u00e9s originales Ripley&rsquo;s OG et Triangle Kush, cette vari\u00e9t\u00e9 a \u00e9t\u00e9 si bien accueillie que nous n&rsquo;avons pas eu d&rsquo;autre choix que de la s\u00e9lectionner en tant que F2 et de l&rsquo;ajouter \u00e0 notre gamme d&rsquo;origine. Avec la combinaison de deux de nos vari\u00e9t\u00e9s originales bas\u00e9es sur l&rsquo;OG, avec l&rsquo;Alien OG de Cali Connection et la Triangle OGK dans son h\u00e9ritage, il est difficile de se tromper.<\/div>\n<p><\/p>\n<h2><strong>Caract\u00e9ristiques Alien Vs. Triangle Auto Fem Mephisto Genetics :<\/strong><\/h2>\n<ul style=\"list-style-type: disc\">\n<li><strong>Genre :<\/strong> Hybride autofloraison f\u00e9minis\u00e9 F5<\/li>\n<li><strong>G\u00e9notype :<\/strong> Indica : 40% \/ Sativa : 60%<\/li>\n<li><strong>G\u00e9n\u00e9tique :<\/strong> Ripley&rsquo;s OG x Triangle<\/li>\n<li>Jours<strong>:<\/strong> 75-85 jours<\/li>\n<\/ul>\n<p><\/p>\n<div style=\"text-align: justify\"><span style=\"font-size: 11pt\"><em><strong>ATTENTION :<\/strong> Les graines de chanvre sont exclues de la notion l\u00e9gale de Cannabis, ce qui signifie qu&rsquo;elles ne doivent pas \u00eatre consid\u00e9r\u00e9es comme une substance stup\u00e9fiante (L. 412 de 1974, art. 1, paragraphe 1, lettre B ; Convention unique sur les stup\u00e9fiants de New York de 1961 et tableau II du d\u00e9cret minist\u00e9riel 27\/7\/1992). En Italie, la culture du chanvre est interdite (articles 28 et 73 du d\u00e9cret pr\u00e9sidentiel 309\/90), sauf autorisation sp\u00e9ciale (article 17 du d\u00e9cret pr\u00e9sidentiel 309\/90). En l&rsquo;absence d&rsquo;autorisation, les semences ne peuvent \u00eatre utilis\u00e9es qu&rsquo;\u00e0 d&rsquo;autres fins (zootechniques, de collection, etc.). Les semences sont vendues sous r\u00e9serve qu&rsquo;elles ne soient pas utilis\u00e9es par des tiers en contradiction avec la loi.<\/em><\/span><\/div>\n","protected":false},"excerpt":{"rendered":"<p>Produite \u00e0 l&rsquo;origine en tant qu&rsquo;hybride F1 Limited Edition entre nos vari\u00e9t\u00e9s originales Ripley&rsquo;s OG et Triangle Kush, cette vari\u00e9t\u00e9<\/p>\n","protected":false},"featured_media":251762,"comment_status":"open","ping_status":"closed","template":"","meta":[],"product_brand":[],"product_cat":[7951],"product_tag":[],"class_list":{"0":"post-251772","1":"product","2":"type-product","3":"status-publish","4":"has-post-thumbnail","6":"product_cat-magasin-de-graines","8":"first","9":"instock","10":"taxable","11":"shipping-taxable","12":"purchasable","13":"product-type-simple"},"aioseo_notices":[],"_links":{"self":[{"href":"https:\/\/www.budream.com\/fr\/wp-json\/wp\/v2\/product\/251772","targetHints":{"allow":["GET"]}}],"collection":[{"href":"https:\/\/www.budream.com\/fr\/wp-json\/wp\/v2\/product"}],"about":[{"href":"https:\/\/www.budream.com\/fr\/wp-json\/wp\/v2\/types\/product"}],"replies":[{"embeddable":true,"href":"https:\/\/www.budream.com\/fr\/wp-json\/wp\/v2\/comments?post=251772"}],"version-history":[{"count":0,"href":"https:\/\/www.budream.com\/fr\/wp-json\/wp\/v2\/product\/251772\/revisions"}],"wp:featuredmedia":[{"embeddable":true,"href":"https:\/\/www.budream.com\/fr\/wp-json\/wp\/v2\/media\/251762"}],"wp:attachment":[{"href":"https:\/\/www.budream.com\/fr\/wp-json\/wp\/v2\/media?parent=251772"}],"wp:term":[{"taxonomy":"product_brand","embeddable":true,"href":"https:\/\/www.budream.com\/fr\/wp-json\/wp\/v2\/product_brand?post=251772"},{"taxonomy":"product_cat","embeddable":true,"href":"https:\/\/www.budream.com\/fr\/wp-json\/wp\/v2\/product_cat?post=251772"},{"taxonomy":"product_tag","embeddable":true,"href":"https:\/\/www.budream.com\/fr\/wp-json\/wp\/v2\/product_tag?post=251772"}],"curies":[{"name":"wp","href":"https:\/\/api.w.org\/{rel}","templated":true}]}}