{"id":251802,"date":"2026-02-17T17:04:07","date_gmt":"2026-02-17T15:04:07","guid":{"rendered":"https:\/\/www.budream.com\/shop\/mephisto-genetics-hubbabubbasmelloscope-auto-fem-32-graines\/"},"modified":"2026-03-30T22:02:45","modified_gmt":"2026-03-30T20:02:45","slug":"mephisto-genetics-hubbabubbasmelloscope-auto-fem-32-graines","status":"publish","type":"product","link":"https:\/\/www.budream.com\/fr\/shop\/mephisto-genetics-hubbabubbasmelloscope-auto-fem-32-graines\/","title":{"rendered":"MEPHISTO GENETICS &#8211; HUBBABUBBASMELLOSCOPE AUTO FEM | 3+2 GRAINES"},"content":{"rendered":"<div style=\"text-align: justify\">Hubbabubbasmelloscope est une vari\u00e9t\u00e9 de sp\u00e9cialit\u00e9 de Mephisto Genetics d\u00e9riv\u00e9e d&rsquo;une coupe de la c\u00e9l\u00e8bre Bubblegum de Serious Seeds datant des ann\u00e9es 1990.   <\/div>\n<p><\/p>\n<h2><strong>Caract\u00e9ristiques Hubbabubbasmelloscope Auto Fem Mephisto Genetics :<\/strong><\/h2>\n<ul style=\"list-style-type: disc\">\n<li><strong>Genus :<\/strong> Hybride autofloraison f\u00e9minis\u00e9 F6<\/li>\n<li><strong>G\u00e9notype :<\/strong> Indica : 35% \/ Sativa : 65%<\/li>\n<li><strong>G\u00e9n\u00e9tique :<\/strong> Serious Seeds 90&rsquo;s Bubblegum cut x Beeding Auto WC1<\/li>\n<li>Jours<strong>:<\/strong> 75-85 jours<\/li>\n<\/ul>\n<p><\/p>\n<div style=\"text-align: justify\"><span style=\"font-size: 11pt\"><em><strong>ATTENTION :<\/strong> Les graines de chanvre sont exclues de la notion l\u00e9gale de Cannabis, ce qui signifie qu&rsquo;elles ne doivent pas \u00eatre consid\u00e9r\u00e9es comme une substance stup\u00e9fiante (L. 412 de 1974, art. 1, alin\u00e9a 1, lettre B ; Convention unique sur les stup\u00e9fiants de New York de 1961 et tableau II du d\u00e9cret minist\u00e9riel 27\/7\/1992). En Italie, la culture du chanvre est interdite (articles 28 et 73 du d\u00e9cret pr\u00e9sidentiel 309\/90), sauf autorisation sp\u00e9ciale (article 17 du d\u00e9cret pr\u00e9sidentiel 309\/90). En l&rsquo;absence d&rsquo;autorisation, les semences ne peuvent \u00eatre utilis\u00e9es qu&rsquo;\u00e0 d&rsquo;autres fins (zootechniques, de collection, etc.). Les semences sont vendues sous r\u00e9serve qu&rsquo;elles ne soient pas utilis\u00e9es par des tiers en contradiction avec la loi.<\/em><\/span><\/div>\n","protected":false},"excerpt":{"rendered":"<p>Hubbabubbasmelloscope est une vari\u00e9t\u00e9 de sp\u00e9cialit\u00e9 de Mephisto Genetics d\u00e9riv\u00e9e d&rsquo;une coupe de la c\u00e9l\u00e8bre Bubblegum de Serious Seeds datant<\/p>\n","protected":false},"featured_media":251792,"comment_status":"open","ping_status":"closed","template":"","meta":[],"product_brand":[],"product_cat":[7951],"product_tag":[],"class_list":{"0":"post-251802","1":"product","2":"type-product","3":"status-publish","4":"has-post-thumbnail","6":"product_cat-magasin-de-graines","8":"first","9":"instock","10":"taxable","11":"shipping-taxable","12":"purchasable","13":"product-type-simple"},"aioseo_notices":[],"_links":{"self":[{"href":"https:\/\/www.budream.com\/fr\/wp-json\/wp\/v2\/product\/251802","targetHints":{"allow":["GET"]}}],"collection":[{"href":"https:\/\/www.budream.com\/fr\/wp-json\/wp\/v2\/product"}],"about":[{"href":"https:\/\/www.budream.com\/fr\/wp-json\/wp\/v2\/types\/product"}],"replies":[{"embeddable":true,"href":"https:\/\/www.budream.com\/fr\/wp-json\/wp\/v2\/comments?post=251802"}],"version-history":[{"count":0,"href":"https:\/\/www.budream.com\/fr\/wp-json\/wp\/v2\/product\/251802\/revisions"}],"wp:featuredmedia":[{"embeddable":true,"href":"https:\/\/www.budream.com\/fr\/wp-json\/wp\/v2\/media\/251792"}],"wp:attachment":[{"href":"https:\/\/www.budream.com\/fr\/wp-json\/wp\/v2\/media?parent=251802"}],"wp:term":[{"taxonomy":"product_brand","embeddable":true,"href":"https:\/\/www.budream.com\/fr\/wp-json\/wp\/v2\/product_brand?post=251802"},{"taxonomy":"product_cat","embeddable":true,"href":"https:\/\/www.budream.com\/fr\/wp-json\/wp\/v2\/product_cat?post=251802"},{"taxonomy":"product_tag","embeddable":true,"href":"https:\/\/www.budream.com\/fr\/wp-json\/wp\/v2\/product_tag?post=251802"}],"curies":[{"name":"wp","href":"https:\/\/api.w.org\/{rel}","templated":true}]}}