{"id":255107,"date":"2026-03-03T22:36:46","date_gmt":"2026-03-03T20:36:46","guid":{"rendered":"https:\/\/www.budream.com\/shop\/barneys-farm-ak-47-fem\/"},"modified":"2026-04-16T14:34:32","modified_gmt":"2026-04-16T12:34:32","slug":"barneys-farm-ak-47-fem","status":"publish","type":"product","link":"https:\/\/www.budream.com\/fr\/shop\/barneys-farm-ak-47-fem\/","title":{"rendered":"BARNEY&rsquo;S FARM &#8211; AK FEM"},"content":{"rendered":"<div style=\"text-align: justify\">La vari\u00e9t\u00e9 AK-47 est un v\u00e9ritable classique d&rsquo;Amsterdam, un hybride l\u00e9gendaire \u00e0 70% de dominance sativa cr\u00e9\u00e9 \u00e0 partir de g\u00e9n\u00e9tiques exotiques mexicaines, colombiennes, tha\u00eflandaises et afghanes.<\/div>\n<p><\/p>\n<h2><strong>Caract\u00e9ristiques Ak Fem :<\/strong><\/h2>\n<ul style=\"list-style-type: disc\">\n<li><strong>Genre :<\/strong> F\u00e9minis\u00e9e<\/li>\n<li><strong>G\u00e9notype :<\/strong> Hybride 30% Indica \/ 70% Sativa<\/li>\n<li><strong>G\u00e9n\u00e9tique :<\/strong> Mexicaine x Colombienne x Tha\u00eflandaise x Afghane<\/li>\n<li><strong>Jours :<\/strong> 60-70 jours<\/li>\n<\/ul>\n<div style=\"text-align: justify\"><span style=\"font-size: 11pt\"><em><strong><br \/>ATTENTION :<\/strong> Les graines de chanvre sont exclues de la notion l\u00e9gale de Cannabis, ce qui signifie qu&rsquo;elles ne doivent pas \u00eatre consid\u00e9r\u00e9es comme une substance stup\u00e9fiante (L. 412 de 1974, art. 1, alin\u00e9a 1, lettre B ; Convention unique sur les stup\u00e9fiants de New York de 1961 et tableau II du d\u00e9cret minist\u00e9riel 27\/7\/1992). En Italie, la culture du chanvre est interdite (articles 28 et 73 du d\u00e9cret pr\u00e9sidentiel 309\/90), sauf autorisation sp\u00e9ciale (article 17 du d\u00e9cret pr\u00e9sidentiel 309\/90). En l&rsquo;absence d&rsquo;autorisation, les semences ne peuvent \u00eatre utilis\u00e9es qu&rsquo;\u00e0 d&rsquo;autres fins (zootechniques, de collection, etc.). Les semences sont vendues sous r\u00e9serve qu&rsquo;elles ne soient pas utilis\u00e9es par des tiers en contradiction avec la loi.<\/em><\/span><\/div>\n","protected":false},"excerpt":{"rendered":"<p>La vari\u00e9t\u00e9 AK-47 est un v\u00e9ritable classique d&rsquo;Amsterdam, un hybride l\u00e9gendaire \u00e0 70% de dominance sativa cr\u00e9\u00e9 \u00e0 partir de<\/p>\n","protected":false},"featured_media":255092,"comment_status":"open","ping_status":"closed","template":"","meta":[],"product_brand":[],"product_cat":[7951],"product_tag":[],"class_list":{"0":"post-255107","1":"product","2":"type-product","3":"status-publish","4":"has-post-thumbnail","6":"product_cat-magasin-de-graines","8":"first","9":"instock","10":"taxable","11":"shipping-taxable","12":"purchasable","13":"product-type-variable"},"aioseo_notices":[],"_links":{"self":[{"href":"https:\/\/www.budream.com\/fr\/wp-json\/wp\/v2\/product\/255107","targetHints":{"allow":["GET"]}}],"collection":[{"href":"https:\/\/www.budream.com\/fr\/wp-json\/wp\/v2\/product"}],"about":[{"href":"https:\/\/www.budream.com\/fr\/wp-json\/wp\/v2\/types\/product"}],"replies":[{"embeddable":true,"href":"https:\/\/www.budream.com\/fr\/wp-json\/wp\/v2\/comments?post=255107"}],"wp:featuredmedia":[{"embeddable":true,"href":"https:\/\/www.budream.com\/fr\/wp-json\/wp\/v2\/media\/255092"}],"wp:attachment":[{"href":"https:\/\/www.budream.com\/fr\/wp-json\/wp\/v2\/media?parent=255107"}],"wp:term":[{"taxonomy":"product_brand","embeddable":true,"href":"https:\/\/www.budream.com\/fr\/wp-json\/wp\/v2\/product_brand?post=255107"},{"taxonomy":"product_cat","embeddable":true,"href":"https:\/\/www.budream.com\/fr\/wp-json\/wp\/v2\/product_cat?post=255107"},{"taxonomy":"product_tag","embeddable":true,"href":"https:\/\/www.budream.com\/fr\/wp-json\/wp\/v2\/product_tag?post=255107"}],"curies":[{"name":"wp","href":"https:\/\/api.w.org\/{rel}","templated":true}]}}