{"id":261755,"date":"2026-03-31T11:25:16","date_gmt":"2026-03-31T09:25:16","guid":{"rendered":"https:\/\/www.budream.com\/shop\/fast-buds-gary-sherbet-fem-8\/"},"modified":"2026-03-31T11:25:16","modified_gmt":"2026-03-31T09:25:16","slug":"fast-buds-gary-sherbet-fem-8","status":"publish","type":"product","link":"https:\/\/www.budream.com\/fr\/shop\/fast-buds-gary-sherbet-fem-8\/","title":{"rendered":"FAST BUDS &#8211; GARY SHERBET FEM"},"content":{"rendered":"<div style=\"text-align: justify\">Gary Sherbet est bas\u00e9 sur un concept unique : le chevauchement de g\u00e9n\u00e9tiques d\u00e9riv\u00e9es de Sherbet \u00e0 plusieurs niveaux. La base est la Gary Payton (Cookies Seed Bank) crois\u00e9e avec la Sunset Sherbet. Cette base a ensuite \u00e9t\u00e9 d\u00e9velopp\u00e9e en introduisant Sherbanger (Sunset Sherbet \u00d7 Headbanger) de Boston Roots Seed Co.<\/div>\n<p><\/p>\n<h2><strong>Caract\u00e9ristiques Gary Sherbet Fem Fast Buds :<\/strong><\/h2>\n<ul style=\"list-style-type: disc\">\n<li><strong>Genus :<\/strong> Hybride Fem<\/li>\n<li><strong>G\u00e9n\u00e9tique :<\/strong> (Gary Payton x Sunset Sherbet) x Sherbanger<\/li>\n<li><strong>Composition :<\/strong> 50% Indica \/ 50% Sativa<\/li>\n<li><strong>Jours :<\/strong> 63-70 jours<\/li>\n<\/ul>\n<p><\/p>\n<div style=\"text-align: justify\"><span style=\"font-size: 11pt\"><em><strong>ATTENTION :<\/strong> Les graines de chanvre sont exclues de la notion l\u00e9gale de Cannabis, ce qui signifie qu&rsquo;elles ne doivent pas \u00eatre consid\u00e9r\u00e9es comme une substance stup\u00e9fiante (L. 412 de 1974, art. 1, alin\u00e9a 1, lettre B ; Convention unique sur les stup\u00e9fiants de New York de 1961 et tableau II du d\u00e9cret minist\u00e9riel 27\/7\/1992). En Italie, la culture du chanvre est interdite (articles 28 et 73 du d\u00e9cret pr\u00e9sidentiel 309\/90), sauf autorisation sp\u00e9ciale (article 17 du d\u00e9cret pr\u00e9sidentiel 309\/90). En l&rsquo;absence d&rsquo;autorisation, les semences ne peuvent \u00eatre utilis\u00e9es qu&rsquo;\u00e0 d&rsquo;autres fins (zootechniques, de collection, etc.). Les semences sont vendues sous r\u00e9serve qu&rsquo;elles ne soient pas utilis\u00e9es par des tiers en contradiction avec la loi.<\/em><\/span><\/div>\n","protected":false},"excerpt":{"rendered":"<p>Gary Sherbet est bas\u00e9 sur un concept unique : le chevauchement de g\u00e9n\u00e9tiques d\u00e9riv\u00e9es de Sherbet \u00e0 plusieurs niveaux. La<\/p>\n","protected":false},"featured_media":259790,"comment_status":"open","ping_status":"closed","template":"","meta":[],"product_brand":[],"product_cat":[1175],"product_tag":[],"class_list":{"0":"post-261755","1":"product","2":"type-product","3":"status-publish","4":"has-post-thumbnail","6":"product_cat-seedshop","8":"first","9":"outofstock","10":"taxable","11":"shipping-taxable","12":"product-type-variable"},"aioseo_notices":[],"_links":{"self":[{"href":"https:\/\/www.budream.com\/fr\/wp-json\/wp\/v2\/product\/261755","targetHints":{"allow":["GET"]}}],"collection":[{"href":"https:\/\/www.budream.com\/fr\/wp-json\/wp\/v2\/product"}],"about":[{"href":"https:\/\/www.budream.com\/fr\/wp-json\/wp\/v2\/types\/product"}],"replies":[{"embeddable":true,"href":"https:\/\/www.budream.com\/fr\/wp-json\/wp\/v2\/comments?post=261755"}],"version-history":[{"count":0,"href":"https:\/\/www.budream.com\/fr\/wp-json\/wp\/v2\/product\/261755\/revisions"}],"wp:featuredmedia":[{"embeddable":true,"href":"https:\/\/www.budream.com\/fr\/wp-json\/wp\/v2\/media\/259790"}],"wp:attachment":[{"href":"https:\/\/www.budream.com\/fr\/wp-json\/wp\/v2\/media?parent=261755"}],"wp:term":[{"taxonomy":"product_brand","embeddable":true,"href":"https:\/\/www.budream.com\/fr\/wp-json\/wp\/v2\/product_brand?post=261755"},{"taxonomy":"product_cat","embeddable":true,"href":"https:\/\/www.budream.com\/fr\/wp-json\/wp\/v2\/product_cat?post=261755"},{"taxonomy":"product_tag","embeddable":true,"href":"https:\/\/www.budream.com\/fr\/wp-json\/wp\/v2\/product_tag?post=261755"}],"curies":[{"name":"wp","href":"https:\/\/api.w.org\/{rel}","templated":true}]}}