{"id":263860,"date":"2026-04-20T15:02:53","date_gmt":"2026-04-20T13:02:53","guid":{"rendered":"https:\/\/www.budream.com\/shop\/barneys-farm-rs11-fem-precision-f1-hybrid\/"},"modified":"2026-04-20T15:04:47","modified_gmt":"2026-04-20T13:04:47","slug":"barneys-farm-rs11-fem-precision-f1-hybrid","status":"publish","type":"product","link":"https:\/\/www.budream.com\/fr\/shop\/barneys-farm-rs11-fem-precision-f1-hybrid\/","title":{"rendered":"BARNEY&rsquo;S FARM &#8211; RS11 FEM (PRECISION F1 HYBRID)"},"content":{"rendered":"<div style=\"text-align: justify\">La vari\u00e9t\u00e9 RS11 est un cultivar hybride F1 de haut niveau d\u00e9riv\u00e9 des g\u00e9n\u00e9tiques Pink Guava et OZK.<\/div>\n<p><\/p>\n<h2><strong>Caract\u00e9ristiques Barney&rsquo;s Farm MAC 1 Fem :<\/strong><\/h2>\n<ul style=\"list-style-type: disc\">\n<li><strong>Genre :<\/strong> Hybride F1 f\u00e9minis\u00e9<\/li>\n<li><strong>G\u00e9notype :<\/strong> 70% Indica \/ 30% Sativa<\/li>\n<li><strong>G\u00e9n\u00e9tique :<\/strong> Pink Guava x OZK<\/li>\n<li><strong>Jours :<\/strong> 56-65 jours<\/li>\n<\/ul>\n<div style=\"text-align: justify\"><span style=\"font-size: 11pt\"><em><strong><br \/>ATTENTION :<\/strong> Les graines de chanvre sont exclues de la notion l\u00e9gale de Cannabis, ce qui signifie qu&rsquo;elles ne doivent pas \u00eatre consid\u00e9r\u00e9es comme une substance narcotique (Loi 412 de 1974, Art. 1, paragraphe 1, lettre B ; Convention Unique sur les Stup\u00e9fiants de New York de 1961 et tableau II du D\u00e9cret Minist\u00e9riel 27\/7\/1992). En Italie, la culture du chanvre est interdite (articles 28 et 73 du d\u00e9cret pr\u00e9sidentiel 309\/90), sauf autorisation sp\u00e9ciale (article 17 du d\u00e9cret pr\u00e9sidentiel 309\/90). En l&rsquo;absence d&rsquo;autorisation, les semences ne peuvent \u00eatre utilis\u00e9es qu&rsquo;\u00e0 d&rsquo;autres fins (zootechniques, de collection, etc.). Les semences sont vendues sous r\u00e9serve qu&rsquo;elles ne soient pas utilis\u00e9es par des tiers en contradiction avec la loi.<\/em><\/span><\/div>\n","protected":false},"excerpt":{"rendered":"<p>La vari\u00e9t\u00e9 RS11 est un cultivar hybride F1 de haut niveau d\u00e9riv\u00e9 des g\u00e9n\u00e9tiques Pink Guava et OZK. Caract\u00e9ristiques Barney&rsquo;s<\/p>\n","protected":false},"featured_media":263850,"comment_status":"open","ping_status":"closed","template":"","meta":[],"product_brand":[],"product_cat":[7951],"product_tag":[],"class_list":{"0":"post-263860","1":"product","2":"type-product","3":"status-publish","4":"has-post-thumbnail","6":"product_cat-magasin-de-graines","8":"first","9":"instock","10":"taxable","11":"shipping-taxable","12":"purchasable","13":"product-type-variable"},"aioseo_notices":[],"_links":{"self":[{"href":"https:\/\/www.budream.com\/fr\/wp-json\/wp\/v2\/product\/263860","targetHints":{"allow":["GET"]}}],"collection":[{"href":"https:\/\/www.budream.com\/fr\/wp-json\/wp\/v2\/product"}],"about":[{"href":"https:\/\/www.budream.com\/fr\/wp-json\/wp\/v2\/types\/product"}],"replies":[{"embeddable":true,"href":"https:\/\/www.budream.com\/fr\/wp-json\/wp\/v2\/comments?post=263860"}],"version-history":[{"count":0,"href":"https:\/\/www.budream.com\/fr\/wp-json\/wp\/v2\/product\/263860\/revisions"}],"wp:featuredmedia":[{"embeddable":true,"href":"https:\/\/www.budream.com\/fr\/wp-json\/wp\/v2\/media\/263850"}],"wp:attachment":[{"href":"https:\/\/www.budream.com\/fr\/wp-json\/wp\/v2\/media?parent=263860"}],"wp:term":[{"taxonomy":"product_brand","embeddable":true,"href":"https:\/\/www.budream.com\/fr\/wp-json\/wp\/v2\/product_brand?post=263860"},{"taxonomy":"product_cat","embeddable":true,"href":"https:\/\/www.budream.com\/fr\/wp-json\/wp\/v2\/product_cat?post=263860"},{"taxonomy":"product_tag","embeddable":true,"href":"https:\/\/www.budream.com\/fr\/wp-json\/wp\/v2\/product_tag?post=263860"}],"curies":[{"name":"wp","href":"https:\/\/api.w.org\/{rel}","templated":true}]}}